

{"id":3304,"date":"2021-05-11T14:43:26","date_gmt":"2021-05-11T13:43:26","guid":{"rendered":"https:\/\/www.jobfarm.it\/fad\/?post_type=product&#038;p=3304"},"modified":"2021-05-13T13:55:30","modified_gmt":"2021-05-13T12:55:30","slug":"corso-orientamento","status":"publish","type":"product","link":"https:\/\/www.jobfarm.it\/fad\/prodotto\/corso-orientamento\/","title":{"rendered":"Corso di Personal Branding"},"content":{"rendered":"<p>Il mondo del lavoro cambia continuamente e velocemente e di conseguenza cambia anche il modo di ricercare lavoro nella maniera giusta ed efficace. Oltre il cv e la lettera di presentazione \u00e8 importante poter migliorare la propria rete di conoscenze, conoscere alcune basi della contrattualistica e lavorare sulle proprie soft skills. La conoscenza di questi aspetti, insieme ad una attivit\u00e0 svolta con metodo e pianificazione di priorit\u00e0, pu\u00f2 essere risolutiva nella ricerca efficace di un nuovo lavoro!<\/p>\n<p>Contenuti del corso:<\/p>\n<ul>\n<li>Curriculum Vitae e Lettera di Presentazione<\/li>\n<li>Il colloquio di lavoro<\/li>\n<li>Strumenti per entrare nel mondo del lavoro<\/li>\n<li>Struttura e organizzazione aziendale<\/li>\n<\/ul>\n","protected":false},"excerpt":{"rendered":"<ul>\n<li>Durata: 4 ore<\/li>\n<li>Modalit\u00e0 di formazione: E-learning<\/li>\n<li>Certificato al termine del corso<\/li>\n<\/ul>\n","protected":false},"featured_media":3305,"template":"","meta":{"qubely_global_settings":"","qubely_interactions":"","_kad_post_transparent":"default","_kad_post_title":"","_kad_post_layout":"default","_kad_post_sidebar_id":"","_kad_post_content_style":"default","_kad_post_vertical_padding":"default","_kad_post_feature":"","_kad_post_feature_position":"","_kad_post_header":false,"_kad_post_footer":false},"product_cat":[40],"product_tag":[44,43,45],"class_list":{"0":"post-3304","1":"product","2":"type-product","3":"status-publish","4":"has-post-thumbnail","6":"product_cat-corsi-job-farm","7":"product_tag-lavoro","8":"product_tag-mondo-del-lavoro","9":"product_tag-networking","11":"first","12":"instock","13":"taxable","14":"shipping-taxable","15":"purchasable","16":"product-type-simple","17":"entry","18":"content-bg","19":"loop-entry"},"_links":{"self":[{"href":"https:\/\/www.jobfarm.it\/fad\/wp-json\/wp\/v2\/product\/3304","targetHints":{"allow":["GET"]}}],"collection":[{"href":"https:\/\/www.jobfarm.it\/fad\/wp-json\/wp\/v2\/product"}],"about":[{"href":"https:\/\/www.jobfarm.it\/fad\/wp-json\/wp\/v2\/types\/product"}],"version-history":[{"count":0,"href":"https:\/\/www.jobfarm.it\/fad\/wp-json\/wp\/v2\/product\/3304\/revisions"}],"wp:featuredmedia":[{"embeddable":true,"href":"https:\/\/www.jobfarm.it\/fad\/wp-json\/wp\/v2\/media\/3305"}],"wp:attachment":[{"href":"https:\/\/www.jobfarm.it\/fad\/wp-json\/wp\/v2\/media?parent=3304"}],"wp:term":[{"taxonomy":"product_cat","embeddable":true,"href":"https:\/\/www.jobfarm.it\/fad\/wp-json\/wp\/v2\/product_cat?post=3304"},{"taxonomy":"product_tag","embeddable":true,"href":"https:\/\/www.jobfarm.it\/fad\/wp-json\/wp\/v2\/product_tag?post=3304"}],"curies":[{"name":"wp","href":"https:\/\/api.w.org\/{rel}","templated":true}]}}