

{"id":2584,"date":"2021-04-01T09:42:20","date_gmt":"2021-04-01T08:42:20","guid":{"rendered":"https:\/\/www.jobfarm.it\/fad\/?post_type=product&#038;p=2584"},"modified":"2021-05-25T10:26:43","modified_gmt":"2021-05-25T09:26:43","slug":"autoimprenditorialita","status":"publish","type":"product","link":"https:\/\/www.jobfarm.it\/fad\/prodotto\/autoimprenditorialita\/","title":{"rendered":"Autoimprenditorialit\u00e0"},"content":{"rendered":"<p>Il corso \u00e8 rivolto a coloro che desiderano acquisire conoscenze, competenze e abilit\u00e0 imprenditoriali.<br \/>\nL\u2019idea imprenditoriale, ovvero l\u2019intuizione iniziale, nasce dall\u2019osservazione della realt\u00e0 e corrisponde alla percezione di uno spazio di mercato che potenzialmente pu\u00f2 essere conquistato. Il corso mira alla crescita personale del partecipante, il quale deve prima conoscere se stesso, sviluppando autonomia, moderata propensione al rischio, capacit\u00e0 di leadership e organizzativa, attitudine alle relazioni umane, per poi riuscire ad agire ed operare concretamente<\/p>\n","protected":false},"excerpt":{"rendered":"<ul>\n<li>Durata: 50 minuti<\/li>\n<li>Modalit\u00e0 di formazione: E-learning<\/li>\n<li>Attestato di frequenza: S\u00ec, in PDF scaricabile al termine del corso previo superamento test di verifica apprendimento<\/li>\n<\/ul>\n<p>&nbsp;<\/p>\n","protected":false},"featured_media":3307,"template":"","meta":{"qubely_global_settings":"","qubely_interactions":"","_kad_post_transparent":"default","_kad_post_title":"hide","_kad_post_layout":"fullwidth","_kad_post_sidebar_id":"","_kad_post_content_style":"unboxed","_kad_post_vertical_padding":"hide","_kad_post_feature":"hide","_kad_post_feature_position":"","_kad_post_header":false,"_kad_post_footer":false},"product_cat":[40],"product_tag":[46],"class_list":{"0":"post-2584","1":"product","2":"type-product","3":"status-publish","4":"has-post-thumbnail","6":"product_cat-corsi-job-farm","7":"product_tag-autoimprenditorialita","9":"first","10":"instock","11":"taxable","12":"shipping-taxable","13":"purchasable","14":"product-type-simple","15":"entry","16":"content-bg","17":"loop-entry"},"_links":{"self":[{"href":"https:\/\/www.jobfarm.it\/fad\/wp-json\/wp\/v2\/product\/2584","targetHints":{"allow":["GET"]}}],"collection":[{"href":"https:\/\/www.jobfarm.it\/fad\/wp-json\/wp\/v2\/product"}],"about":[{"href":"https:\/\/www.jobfarm.it\/fad\/wp-json\/wp\/v2\/types\/product"}],"version-history":[{"count":0,"href":"https:\/\/www.jobfarm.it\/fad\/wp-json\/wp\/v2\/product\/2584\/revisions"}],"wp:featuredmedia":[{"embeddable":true,"href":"https:\/\/www.jobfarm.it\/fad\/wp-json\/wp\/v2\/media\/3307"}],"wp:attachment":[{"href":"https:\/\/www.jobfarm.it\/fad\/wp-json\/wp\/v2\/media?parent=2584"}],"wp:term":[{"taxonomy":"product_cat","embeddable":true,"href":"https:\/\/www.jobfarm.it\/fad\/wp-json\/wp\/v2\/product_cat?post=2584"},{"taxonomy":"product_tag","embeddable":true,"href":"https:\/\/www.jobfarm.it\/fad\/wp-json\/wp\/v2\/product_tag?post=2584"}],"curies":[{"name":"wp","href":"https:\/\/api.w.org\/{rel}","templated":true}]}}