

{"id":6407,"date":"2022-02-10T22:47:40","date_gmt":"2022-02-10T21:47:40","guid":{"rendered":"https:\/\/www.jobfarm.it\/fad\/?page_id=6407"},"modified":"2022-02-10T22:51:31","modified_gmt":"2022-02-10T21:51:31","slug":"condizioni-contrattuali-corsi-haccp","status":"publish","type":"page","link":"https:\/\/www.jobfarm.it\/fad\/condizioni-contrattuali-corsi-haccp\/","title":{"rendered":"Condizioni contrattuali | Corsi HACCP"},"content":{"rendered":"\t\t<div data-elementor-type=\"wp-page\" data-elementor-id=\"6407\" class=\"elementor elementor-6407\">\n\t\t\t\t\t\t<section class=\"elementor-section elementor-top-section elementor-element elementor-element-a116863 elementor-section-boxed elementor-section-height-default elementor-section-height-default\" data-id=\"a116863\" data-element_type=\"section\">\n\t\t\t\t\t\t<div class=\"elementor-container elementor-column-gap-default\">\n\t\t\t\t\t<div class=\"elementor-column elementor-col-100 elementor-top-column elementor-element elementor-element-64e7b86\" data-id=\"64e7b86\" data-element_type=\"column\">\n\t\t\t<div class=\"elementor-widget-wrap elementor-element-populated\">\n\t\t\t\t\t\t<div class=\"elementor-element elementor-element-da7bae3 elementor-widget elementor-widget-text-editor\" data-id=\"da7bae3\" data-element_type=\"widget\" data-widget_type=\"text-editor.default\">\n\t\t\t\t<div class=\"elementor-widget-container\">\n\t\t\t\t\t\t\t<h2>CONDIZIONI CONTRATTUALI CORSO HACCP (6 ORE)<\/h2><p>\u00a0<\/p><ol><li><strong>CONTENUTI DEL CORSO<\/strong><br \/>La formazione, realizzata secondo quanto previsto ai sensi del Regolamento (CE) 852\/04 e della Legge Regionale (Lombardia) n\u00b0 33\/2009, \u00e8 realizzata interamente in e-learning, il percorso viene fruito dal singolo partecipante in autonomia e pu\u00f2 essere visionato per un mese dalla data della prima visualizzazione.<br \/>Attraverso il proprio pc il partecipante segue un percorso didattico in cui vengono illustrati i contenuti previsti dalla normativa.<br \/><br \/>Gli argomenti del corso sono:<br \/>Sicurezza alimentare<\/li><\/ol><ul><li>Come prevenire le contaminazioni<\/li><li>Operatore OSA: cosa c\u2019\u00e8 da sapere<\/li><li>Cenni storici<\/li><li>Generalit\u00e0 HACCP<\/li><li>Rintracciabilit\u00e0 e normative<\/li><li>Autocontrollo<\/li><li>Igiene locali e metodi di disinfestazione<\/li><li>Informazioni <br \/><br \/><br \/><\/li><\/ul><ol start=\"2\"><li><strong>ISCRIZIONE <\/strong><br \/>L\u2019azienda, autorizzata da parte del proprio dipendente, richiede ad ACTL e RECRUIT SRL l\u2019iscrizione al presente corso e l\u2019associazione dello stesso, in qualit\u00e0 di socio sostenitore senza l\u2019assunzione di alcun onere ai sensi dell\u2019art. 3 dello statuto di A.C.T.L..<br \/>Le iscrizioni avvengono tramite la compilazione del presente form. Il suo invio comporta l\u2019accettazione delle condizioni contrattuali.<br \/>L\u2019iscrizione \u00e8 ritenuta completa al pagamento relativo di cui al comma 3.<br \/><br \/><br \/><\/li><li><strong>CONTRIBUTO <\/strong><br \/>Il contributo di iscrizione \u00e8 di \u20ac 38,00 + IVA.<br \/>Trattandosi di attivit\u00e0 rivolta ai propri soci l\u2019iva non \u00e8 dovuta. <br \/>Il pagamento \u00e8 da effettuarsi mediante Carta di credito oppure Bonifico Bancario, intestato a RECRUIT SRL: BANCA POPOLARE DI SONDRIO Via Santa Maria Fulcorina, 1 20122 Milano (MI) IBAN: IT 25 I 05696 01600 000009195X13 BIC\/SWIFT: POSOIT22MIL, indicando nella causale \u201csicurezza + cognome del partecipante\u201d . <br \/>Copia dell\u2019avvenuto pagamento deve essere inviato all\u2019indirizzo e-mail: <a href=\"http:\/\/formatoresicurezza@jobfarm.it.\">formatoresicurezza@jobfarm.it.<\/a>\u00a0<br \/><em><span style=\"font-family: var(--global-body-font-family);\">L\u2019ente erogatore rilascer\u00e0 regolare fattura quietanzata.<\/span><\/em><\/li><\/ol><p><br \/><strong>4 CONFERMA ISCRIZIONE E FRUIZIONE DEL PERCORSO<\/strong><br \/>Dopo aver compilato il presente form e accettato le condizioni contrattuali \u00e8 possibile accedere direttamente al percorso online accedendo all\u2019area riservata del sito Jobfarm FAD (jobfarm.it\/fad) attraverso le credenziali ottenute.<\/p><p>I contenuti possono essere fruiti per 30 giorni dall\u2019invio del form.<br \/>Per la fruizione del percorso \u00e8 necessario disporre di<br \/>a) Pc;<br \/>b) Accesso a internet;<br \/>c) Browser per la navigazione di pagine web;<br \/>d) Casse audio o cuffie.<br \/><br \/>Il corso ha una durata complessiva di 6 ore (video + slide di riepilogo + questionario di valutazione). \u00c8 obbligatoria la fruizione completa di tutti i materiali per un corretto approfondimento degli argomenti. Per ogni quesito \u00e8 sufficiente scrivere all\u2019indirizzo formatoresicurezza@jobfarm.it.<\/p><p><br \/><strong>5 OBBLIGHI DEL CLIENTE E DIRITTO D\u2019AUTORE<\/strong><br \/>La fruizione dei corsi \u00e8 riservata agli iscritti ai corsi ai quali, come indicato sopra, viene fornito l\u2019accesso. Il diritto di ciascun iscritto \u00e8 personale e non cedibile. Ciascun discente \u00e8 responsabile della conservazione e della segretezza dei dati di accesso all\u2019area riservata del portale Job Farm FAD. \u00c8 vietata la vendita o altro uso commerciale dei servizi forniti. ACTL e RECRUIT SRL si riservano il diritto, a propria discrezione, di sospendere ovvero disattivare l\u2019utenza qualora ritenga che ci sia o sia probabile che ci sia un problema di sicurezza o di utilizzo non autorizzato della stessa.<\/p><p>I diritti d\u2019autore relativi ai contenuti della didattica, alle immagini, ai testi o altro materiale utilizzato nelle sue pagine web appartengono in via esclusiva ad ACTL e RECRUIT SRL. Il Cliente riconosce la piena titolarit\u00e0 dei diritti di autore di ACTL e RECRUIT SRL e si impegna altres\u00ec a non cedere, far utilizzare e\/o visionare, copiare, in nessun modo, nemmeno parzialmente, direttamente o per interposta persona, i contenuti dei servizi e-learning di esclusiva propriet\u00e0 di ACTL e RECRUIT SRL.<\/p><p><br \/><br \/><strong>6 LIMITAZIONE DI RESPONSABILIT\u00c0<\/strong><br \/>ACTL e RECRUIT SRL non sono in alcun modo responsabili per qualsivoglia difficolt\u00e0, vizio, anomalia, discontinuit\u00e0, impossibilit\u00e0 di accesso e\/o utilizzo del percorso e-learning derivanti e\/o comunque connessi alla dotazione hardware e\/o software del Cliente, alla connessione tramite il provider prescelto dal Cliente, a uno scorretto funzionamento della rete telefonica o internet; conseguentemente, il Cliente non avr\u00e0 diritto a chiedere ad ACTL e RECRUIT SRL alcun importo, a qualsiasi titolo, anche risarcitorio o indennitario.<\/p><p><br \/><strong>7 ISCRIZIONE DI PARTECIPANTI STRANIERI<\/strong><br \/>Il corso \u00e8 in lingua italiana. \u00c8 responsabilit\u00e0 dell\u2019azienda verificare la comprensione e la conoscenza della lingua veicolare del partecipante al fine di garantire l\u2019efficacia formativa. Qualora l\u2019azienda rilevi una carente capacit\u00e0 di comprensione della lingua italiana \u00e8 possibile concordare con ACTL e RECRUIT SRL corsi o servizi di interpretariato con modalit\u00e0 e costi da definire.<\/p><p><br \/><strong>8 ATTESTATO<\/strong><br \/>E\u2019 previsto il rilascio degli attestati al superamento dei test di valutazione (almeno 80% di risposte corrette per ogni test). Gli attestati verranno sono resi disponibili all\u2019interno della dashboard dello studente all\u2019interno del portale Job Farm FAD. \u00c8 responsabilit\u00e0 dell\u2019utente lo scaricamento, la stampa e la conservazione degli attestati appena disponibili.\u00a0 Il corsista \u00e8 tenuto a dare copia dell\u2019attestato all\u2019azienda.<\/p>\t\t\t\t\t\t<\/div>\n\t\t\t\t<\/div>\n\t\t\t\t\t<\/div>\n\t\t<\/div>\n\t\t\t\t\t<\/div>\n\t\t<\/section>\n\t\t\t\t<\/div>\n\t\t","protected":false},"excerpt":{"rendered":"<p>CONDIZIONI CONTRATTUALI CORSO HACCP (6 ORE) \u00a0 CONTENUTI DEL CORSOLa formazione, realizzata secondo quanto previsto ai sensi del Regolamento (CE) 852\/04 e della Legge Regionale (Lombardia) n\u00b0 33\/2009, \u00e8 realizzata interamente in e-learning, il percorso viene fruito dal singolo partecipante in autonomia e pu\u00f2 essere visionato per un mese dalla data della prima visualizzazione.Attraverso il&#8230;<\/p>\n","protected":false},"author":1,"featured_media":0,"parent":0,"menu_order":0,"comment_status":"closed","ping_status":"closed","template":"","meta":{"qubely_global_settings":"","qubely_interactions":"","_kad_post_transparent":"","_kad_post_title":"hide","_kad_post_layout":"fullwidth","_kad_post_sidebar_id":"","_kad_post_content_style":"unboxed","_kad_post_vertical_padding":"hide","_kad_post_feature":"hide","_kad_post_feature_position":"","_kad_post_header":false,"_kad_post_footer":false,"footnotes":""},"class_list":["post-6407","page","type-page","status-publish","hentry"],"_links":{"self":[{"href":"https:\/\/www.jobfarm.it\/fad\/wp-json\/wp\/v2\/pages\/6407","targetHints":{"allow":["GET"]}}],"collection":[{"href":"https:\/\/www.jobfarm.it\/fad\/wp-json\/wp\/v2\/pages"}],"about":[{"href":"https:\/\/www.jobfarm.it\/fad\/wp-json\/wp\/v2\/types\/page"}],"author":[{"embeddable":true,"href":"https:\/\/www.jobfarm.it\/fad\/wp-json\/wp\/v2\/users\/1"}],"replies":[{"embeddable":true,"href":"https:\/\/www.jobfarm.it\/fad\/wp-json\/wp\/v2\/comments?post=6407"}],"version-history":[{"count":0,"href":"https:\/\/www.jobfarm.it\/fad\/wp-json\/wp\/v2\/pages\/6407\/revisions"}],"wp:attachment":[{"href":"https:\/\/www.jobfarm.it\/fad\/wp-json\/wp\/v2\/media?parent=6407"}],"curies":[{"name":"wp","href":"https:\/\/api.w.org\/{rel}","templated":true}]}}