

{"id":2209,"date":"2021-01-26T12:55:09","date_gmt":"2021-01-26T11:55:09","guid":{"rendered":"https:\/\/www.jobfarm.it\/fad\/?page_id=2209"},"modified":"2021-01-26T12:56:43","modified_gmt":"2021-01-26T11:56:43","slug":"condizioni-contrattuali-corsi-sicurezza","status":"publish","type":"page","link":"https:\/\/www.jobfarm.it\/fad\/condizioni-contrattuali-corsi-sicurezza\/","title":{"rendered":"Condizioni contrattuali | Corsi sicurezza"},"content":{"rendered":"\t\t<div data-elementor-type=\"wp-page\" data-elementor-id=\"2209\" class=\"elementor elementor-2209\">\n\t\t\t\t\t\t<section class=\"elementor-section elementor-top-section elementor-element elementor-element-a116863 elementor-section-boxed elementor-section-height-default elementor-section-height-default\" data-id=\"a116863\" data-element_type=\"section\">\n\t\t\t\t\t\t<div class=\"elementor-container elementor-column-gap-default\">\n\t\t\t\t\t<div class=\"elementor-column elementor-col-100 elementor-top-column elementor-element elementor-element-64e7b86\" data-id=\"64e7b86\" data-element_type=\"column\">\n\t\t\t<div class=\"elementor-widget-wrap elementor-element-populated\">\n\t\t\t\t\t\t<div class=\"elementor-element elementor-element-da7bae3 elementor-widget elementor-widget-text-editor\" data-id=\"da7bae3\" data-element_type=\"widget\" data-widget_type=\"text-editor.default\">\n\t\t\t\t<div class=\"elementor-widget-container\">\n\t\t\t\t\t\t\t<h2 style=\"font-family: -apple-system, BlinkMacSystemFont, &quot;Segoe UI&quot;, Roboto, Oxygen-Sans, Ubuntu, Cantarell, &quot;Helvetica Neue&quot;, sans-serif, &quot;Apple Color Emoji&quot;, &quot;Segoe UI Emoji&quot;, &quot;Segoe UI Symbol&quot;;\"><strong><u>FORMAZIONE GENERALE E SPECIFICA SICUREZZA LAVORATORI &#8211; BASSO RISCHIO<\/u><\/strong><\/h2>\n<ol style=\"margin: var(--global-md-spacing) 0 0;\">\n<li><strong>CONTENUTI DEL CORSO&nbsp;<\/strong><\/li>\n<\/ol>\n<p style=\"margin-top: var(--global-md-spacing);\">La formazione sulla sicurezza di tutti i lavoratori, in riferimento a quanto previsto dall\u2019art. 37, comma 1 lettera a) e b) e dal comma 3 dello stesso articolo del D. Lgs. N. 81\/08 viene definita dall\u2019Accordo Conferenza Permanente per i Rapporti tra lo Stato e le Regioni e le Province autonome di Trento e Bolzano del 21 dicembre 2011 pubblicato sulla G.U. n. 8 dell\u201911 gennaio 2012 ed entrato in vigore il 26 gennaio 2012.<\/p>\n<p style=\"margin-top: var(--global-md-spacing);\">La formazione per i lavoratori di aziende BASSO RISCHIO \u00e8 composta da un MODULO GENERALE uguale per tutti i livelli di rischio e da un successivo MODULO SPECIFICO della durata di 4 ore.<\/p>\n<p style=\"margin-top: var(--global-md-spacing);\">Entrambi i moduli possono essere seguiti in modalit\u00e0 e-learning.<\/p>\n<p style=\"margin-top: var(--global-md-spacing);\">Per assolvere all&#8217;obbligo formativo in materia di sicurezza \u00e8 necessario seguire entrambi i moduli entro 60 giorni dall\u2019inserimento della risorsa in azienda.&nbsp;<\/p>\n<p style=\"margin-top: var(--global-md-spacing);\">Il MODULO GENERALE affronta i concetti generali in tema di prevenzione e sicurezza sul lavoro secondo quanto indicato dall\u2019art. 37 c. 1 del Testo Unico.<\/p>\n<p style=\"margin-top: var(--global-md-spacing);\">Il MODULO SPECIFICO BASSO RISCHIO, secondo quanto indicato nell\u2019art. 37 c. 1 lettera b e c. 3 del Testo Unico, tratta i seguenti argomenti:<\/p>\n<ul style=\"margin: var(--global-md-spacing) 0 0;\">\n<li>rischi riferiti alle mansioni e ai possibili danni;<\/li>\n<li>conseguenti misure e procedure di prevenzione e protezione caratteristici del settore o comparto di appartenenza dell\u2019azienda.<\/li>\n<\/ul>\n<ol style=\"margin: var(--global-md-spacing) 0 0;\">\n<li><strong>ISCRIZIONE&nbsp;<\/strong><\/li>\n<\/ol>\n<p style=\"margin-top: var(--global-md-spacing);\">L&#8217;azienda, autorizzata da parte del proprio dipendente, richiede ad&nbsp;ACTL e RECRUIT SRL&nbsp;l\u2019iscrizione al presente corso e l\u2019associazione dello stesso, in qualit\u00e0 di socio sostenitore senza l\u2019assunzione di alcun onere ai sensi dell\u2019art. 3 dello statuto di A.C.T.L..<\/p>\n<p style=\"margin-top: var(--global-md-spacing);\">Le iscrizioni avvengono tramite la compilazione del presente form. Il suo invio comporta l\u2019accettazione delle condizioni contrattuali.<\/p>\n<p style=\"margin-top: var(--global-md-spacing);\">L\u2019iscrizione \u00e8 ritenuta completa al pagamento relativo di cui al comma 3.&nbsp;<\/p>\n<p style=\"margin-top: var(--global-md-spacing);\">E\u2019 responsabilit\u00e0 dell\u2019azienda verificare il livello di rischio della propria realt\u00e0 e la conseguente iscrizione al corso idoneo secondo la normativa vigente.<\/p>\n<p style=\"margin-top: var(--global-md-spacing);\">\n<\/p><ol style=\"margin: var(--global-md-spacing) 0 0;\">\n<li><strong>CONTRIBUTO&nbsp;<\/strong><\/li>\n<\/ol>\n<p style=\"margin-top: var(--global-md-spacing);\">Il contributo di iscrizione \u00e8 di \u20ac 75,00 + iva, se dovuta.<\/p>\n<p style=\"margin-top: var(--global-md-spacing);\">Il pagamento \u00e8 da effettuarsi mediante Carta di credito oppure Bonifico Bancario, intestato a RECRUIT SRL: BANCA POPOLARE DI SONDRIO Via Santa Maria Fulcorina, 1 20122 Milano (MI) IBAN: IT 25 I 05696 01600 000009195X13 BIC\/SWIFT: POSOIT22MIL, indicando nella causale \u201csicurezza + cognome del partecipante\u201d . Copia dell\u2019avvenuto pagamento deve essere inviato all\u2019indirizzo e-mail formatoresicurezza@jobfarm.it.<\/p>\n<p style=\"margin-top: var(--global-md-spacing);\">Qualora sia stata effettuata la preiscrizione attraverso il gestionale JOBFARM GO e si sia quindi gi\u00e0 provveduto al pagamento, non \u00e8 necessario inviare la copia dell\u2019avvenuto pagamento.&nbsp;<\/p>\n<p style=\"margin-top: var(--global-md-spacing);\">L\u2019ente erogatore rilascer\u00e0 regolare fattura quietanzata.<\/p>\n<p style=\"margin-top: var(--global-md-spacing);\">\n<\/p><ol style=\"margin: var(--global-md-spacing) 0 0;\">\n<li><strong>TERMINI DEL SERVIZIO<\/strong><\/li>\n<\/ol>\n<p style=\"margin-top: var(--global-md-spacing);\">4.1. Modulo Generale e Modulo Specifico&nbsp;basso rischio&nbsp;in modalit\u00e0 e-learning<\/p>\n<p style=\"margin-top: var(--global-md-spacing);\">4.1.1 Conferma iscrizione e fruizione del percorso<\/p>\n<p style=\"margin-top: var(--global-md-spacing);\">Dopo aver compilato il presente form e accettato le condizioni contrattuali \u00e8 possibile accedere direttamente al&nbsp;percorso online accedendo all\u2019area riservata del sito Jobfarm FAD (jobfarm.it\/fad) attraverso le credenziali ottenute.<\/p>\n<p style=\"margin-top: var(--global-md-spacing);\">I contenuti possono essere fruiti per 30 giorni dall\u2019iscrizione.<\/p>\n<p style=\"margin-top: var(--global-md-spacing);\">Per la fruizione del percorso \u00e8 necessario disporre di&nbsp;<\/p>\n<ol style=\"margin: var(--global-md-spacing) 0 0;\">\n<li>Pc;<\/li>\n<li>Accesso a internet;<\/li>\n<li>Browser per la navigazione di pagine web&nbsp;con cookie abilitati;<\/li>\n<li>Casse audio o cuffie.<\/li>\n<\/ol>\n<p style=\"margin-top: var(--global-md-spacing);\">Il corso, composto dai due moduli, ha una durata complessiva di 8 ore (video + slide di riepilogo + questionario di valutazione). E\u2019 obbligatoria la fruizione completa di tutti i materiali per un corretto approfondimento degli argomenti. Per ogni quesito \u00e8 sufficiente scrivere all\u2019indirizzo&nbsp;<a href=\"mailto:formatoresicurezza@jobfarm.it\">formatoresicurezza@jobfarm.it<\/a>.<\/p>\n<p style=\"margin-top: var(--global-md-spacing);\">\n<\/p><p style=\"margin-top: var(--global-md-spacing);\">4.1.2 Obblighi del cliente e diritto d&#8217;autore<\/p>\n<p style=\"margin-top: var(--global-md-spacing);\">La fruizione dei corsi \u00e8 riservata agli iscritti ai corsi ai quali, come indicato sopra, viene fornito&nbsp;l\u2019accesso. Il diritto di ciascun iscritto \u00e8 personale e non cedibile. Ciascun discente \u00e8 responsabile della conservazione e della segretezza dei&nbsp;dati di accesso all\u2019area riservata del portale Jobfarm FAD. E&#8217; vietata la vendita o altro uso commerciale dei servizi forniti.&nbsp;ACTL e RECRUIT SRL si riservano il diritto, a propria discrezione, di sospendere ovvero disattivare l\u2019utenza qualora ritenga che ci sia o sia probabile che ci sia un problema di sicurezza o di utilizzo non autorizzato della stessa.<\/p>\n<p style=\"margin-top: var(--global-md-spacing);\">I diritti d&#8217;autore relativi ai contenuti della didattica, alle immagini, ai testi o altro materiale utilizzato nelle sue pagine web appartengono in via esclusiva ad&nbsp;ACTL e RECRUIT SRL. Il Cliente riconosce la piena titolarit\u00e0 dei diritti di autore di&nbsp;ACTL e RECRUIT SRL&nbsp;e si impegna altres\u00ec a non cedere, far utilizzare e\/o visionare, copiare, in nessun modo, nemmeno parzialmente, direttamente o per interposta persona, i contenuti dei servizi e-learning di esclusiva propriet\u00e0 di&nbsp;ACTL e RECRUIT SRL.<\/p>\n<p style=\"margin-top: var(--global-md-spacing);\">4.1.3. Limitazione di responsabilit\u00e0<\/p>\n<p style=\"margin-top: var(--global-md-spacing);\">ACTL e RECRUIT SRL&nbsp;non&nbsp;sono&nbsp;in alcun modo responsabili per qualsivoglia difficolt\u00e0, vizio, anomalia, discontinuit\u00e0, impossibilit\u00e0 di accesso e\/o utilizzo del percorso e-learning derivanti e\/o comunque connessi alla dotazione hardware e\/o software del Cliente, alla connessione tramite il provider prescelto dal Cliente, a uno scorretto funzionamento della rete telefonica o internet; conseguentemente, il Cliente non avr\u00e0 diritto a chiedere ad&nbsp;ACTL e RECRUIT SRL&nbsp;alcun importo, a qualsiasi titolo, anche risarcitorio o indennitario.<\/p>\n<p style=\"margin-top: var(--global-md-spacing);\">4.1.4 Iscrizione di partecipanti stranieri<\/p>\n<p style=\"margin-top: var(--global-md-spacing);\">Il corso \u00e8 in lingua italiana. E\u2019 responsabilit\u00e0 dell\u2019azienda verificare la comprensione e la conoscenza della lingua veicolare del partecipante al fine di garantire l\u2019efficacia formativa. Qualora l&#8217;azienda rilevi una carente capacit\u00e0 di comprensione della lingua italiana \u00e8 possibile concordare con&nbsp;ACTL e RECRUIT SRL&nbsp;corsi o servizi di interpretariato con modalit\u00e0 e costi da definire.<\/p>\n<p style=\"margin-top: var(--global-md-spacing);\">4.1.5 Attestato<\/p>\n<p style=\"margin-top: var(--global-md-spacing);\">E\u2019 previsto il rilascio degli attestati al superamento dei test di valutazione (almeno&nbsp;80%&nbsp;di risposte corrette per ogni test).&nbsp;Gli attestati verranno sono resi disponibili all\u2019interno della dashboard dello studente all\u2019interno del portale Jobfarm FAD.&nbsp;E\u2019 responsabilit\u00e0 dell\u2019utente lo scaricamento, la stampa e la conservazione degli attestati appena disponibili.&nbsp;&nbsp;Il corsista \u00e8 tenuto a dare copia dell\u2019attestato all&#8217;azienda.<\/p>\n<div><br><\/div><div><h2 style=\"margin-top: 1.5em; font-family: -apple-system, BlinkMacSystemFont, &quot;Segoe UI&quot;, Roboto, Oxygen-Sans, Ubuntu, Cantarell, &quot;Helvetica Neue&quot;, sans-serif, &quot;Apple Color Emoji&quot;, &quot;Segoe UI Emoji&quot;, &quot;Segoe UI Symbol&quot;;\"><strong><u>CORSO DI AGGIORNAMENTO SICUREZZA LAVORATORE<\/u><\/strong><\/h2><ol style=\"margin: var(--global-md-spacing) 0 0;\"><li><strong>CONTENUTI DEL CORSO<\/strong><\/li><\/ol><p style=\"margin-top: var(--global-md-spacing);\">La formazione di tutti i lavoratori, cos\u00ec come definiti dall&#8217;articolo 2, comma 1, lettera a), del D.Lgs. n. 81\/08, in riferimento a quanto previsto all&#8217;articolo 37, comma 1 lettera a) e b) e dal comma 3 dello stesso articolo del D. Lgs. n. 81\/08 \u00e8 stata definita dalla pubblicazione dell&#8217;Accordo Conferenza Permanente per i Rapporti tra lo Stato e le Regioni e le Province autonome di Trento e Bolzano del 21 dicembre 2011 pubblicato sulla G.U. n. 8 del 11 gennaio 2012 con entrata in vigore dal 26 gennaio 2012. Per i lavoratori che hanno seguito la formazione iniziale (divisa tra formazione generale e specifica) o che erano gi\u00e0 formati alla data di pubblicazione dell&#8217;Accordo Stato Regione, \u00e8 previsto un aggiornamento quinquennale della durata di 6 ore che pu\u00f2 essere svolto totalmente in modalit\u00e0 e-learning.<\/p><p style=\"margin-top: var(--global-md-spacing);\">Contenuti del corso:<\/p><ol style=\"margin: var(--global-md-spacing) 0 0;\"><li>Valutazione dei rischi negli ambienti di lavoro<\/li><li>Servizio prevenzione e protezione<\/li><li>Sorveglianza sanitaria, alcol, sostanze stupefacenti e lavoro<\/li><li>Luoghi di lavoro e microclima<\/li><li>Attrezzature di lavoro<\/li><li>Lavoro al videoterminale<\/li><li>Rischi legati all\u2019organizzazione del lavoro<\/li><li>Stress lavoro correlato<\/li><\/ol><ol style=\"margin: var(--global-md-spacing) 0 0;\"><li><strong>ISCRIZIONE&nbsp;<\/strong><\/li><\/ol><p style=\"margin-top: var(--global-md-spacing);\">L&#8217;azienda, autorizzata da parte del proprio dipendente, richiede ad&nbsp;ACTL e RECRUIT SRL&nbsp;l\u2019iscrizione al presente corso e l\u2019associazione dello stesso, in qualit\u00e0 di socio sostenitore senza l\u2019assunzione di alcun onere ai sensi dell\u2019art. 3 dello statuto di A.C.T.L..<\/p><p style=\"margin-top: var(--global-md-spacing);\">Le iscrizioni avvengono tramite la compilazione del presente form. Il suo invio comporta l\u2019accettazione delle condizioni contrattuali.<\/p><p style=\"margin-top: var(--global-md-spacing);\">L\u2019iscrizione \u00e8 ritenuta completa al pagamento relativo di cui al comma 3.&nbsp;<\/p><p style=\"margin-top: var(--global-md-spacing);\"><\/p><ol style=\"margin: var(--global-md-spacing) 0 0;\"><li><strong>CONTRIBUTO&nbsp;<\/strong><\/li><\/ol><p style=\"margin-top: var(--global-md-spacing);\">Il contributo di iscrizione \u00e8 di \u20ac 55,00 + iva, se dovuta.<\/p><p style=\"margin-top: var(--global-md-spacing);\">Il pagamento \u00e8 da effettuarsi mediante Carta di credito oppure Bonifico Bancario, intestato a RECRUIT SRL: BANCA POPOLARE DI SONDRIO Via Santa Maria Fulcorina, 1 20122 Milano (MI) IBAN: IT 25 I 05696 01600 000009195X13 BIC\/SWIFT: POSOIT22MIL, indicando nella causale \u201csicurezza + cognome del partecipante\u201d . Copia dell\u2019avvenuto pagamento deve essere inviato all\u2019indirizzo e-mail formatoresicurezza@jobfarm.it.<\/p><p style=\"margin-top: var(--global-md-spacing);\">Qualora sia stata effettuata la preiscrizione attraverso il gestionale JOBFARM GO e si sia quindi gi\u00e0 provveduto al pagamento, non \u00e8 necessario inviare la copia dell\u2019avvenuto pagamento.&nbsp;<\/p><p style=\"margin-top: var(--global-md-spacing);\">L\u2019ente erogatore rilascer\u00e0 regolare fattura quietanzata.<\/p><p style=\"margin-top: var(--global-md-spacing);\"><\/p><p style=\"margin-top: var(--global-md-spacing);\"><strong>4 CONFERMA ISCRIZIONE E FRUIZIONE DEL PERCORSO<\/strong><\/p><p style=\"margin-top: var(--global-md-spacing);\">Dopo aver compilato il presente form e accettato le condizioni contrattuali il referente aziendale ricever\u00e0 una mail all\u2019indirizzo indicato contenente tutte le informazioni per poter fruire il percorso on line. La mail dovr\u00e0 essere inoltrata al partecipante.<\/p><p style=\"margin-top: var(--global-md-spacing);\">I contenuti possono essere fruiti per 30 giorni dall\u2019invio del form.<\/p><p style=\"margin-top: var(--global-md-spacing);\">Per la fruizione del percorso \u00e8 necessario disporre di<\/p><ol style=\"margin: var(--global-md-spacing) 0 0;\"><li>Pc;<\/li><li>Accesso a internet;<\/li><li>Browser per la navigazione di pagine web;<\/li><li>Casse audio o cuffie.<\/li><\/ol><p style=\"margin-top: var(--global-md-spacing);\">Dopo aver compilato il presente form e accettato le condizioni contrattuali \u00e8 possibile accedere direttamente al&nbsp;percorso online accedendo all\u2019area riservata del sito Jobfarm FAD (jobfarm.it\/fad) attraverso le credenziali ottenute.<\/p><p style=\"margin-top: var(--global-md-spacing);\">I contenuti possono essere fruiti per 30 giorni dall\u2019iscrizione.<\/p><p style=\"margin-top: var(--global-md-spacing);\">Per la fruizione del percorso \u00e8 necessario disporre di&nbsp;<\/p><ol style=\"margin: var(--global-md-spacing) 0 0;\"><li>Pc;<\/li><li>Accesso a internet;<\/li><li>Browser per la navigazione di pagine web&nbsp;con cookie abilitati;<\/li><li>Casse audio o cuffie.<\/li><\/ol><p style=\"margin-top: var(--global-md-spacing);\">Il corso ha una durata complessiva di 6 ore (video + slide di riepilogo + questionario di valutazione). E\u2019 obbligatoria la fruizione completa di tutti i materiali per un corretto approfondimento degli argomenti. Per ogni quesito \u00e8 sufficiente scrivere all\u2019indirizzo&nbsp;<a href=\"mailto:formatoresicurezza@jobfarm.it\">formatoresicurezza@jobfarm.it<\/a>.<\/p><p style=\"margin-top: var(--global-md-spacing);\"><\/p><p style=\"margin-top: var(--global-md-spacing);\"><strong>5 OBBLIGHI DEL CLIENTE E DIRITTO D\u2019AUTORE<\/strong><\/p><p style=\"margin-top: var(--global-md-spacing);\">La fruizione dei corsi \u00e8 riservata agli iscritti ai corsi ai quali, come indicato sopra, viene fornito&nbsp;l\u2019accesso. Il diritto di ciascun iscritto \u00e8 personale e non cedibile. Ciascun discente \u00e8 responsabile della conservazione e della segretezza dei&nbsp;dati di accesso all\u2019area riservata del portale Jobfarm FAD. E&#8217; vietata la vendita o altro uso commerciale dei servizi forniti.&nbsp;ACTL e RECRUIT SRL si riservano il diritto, a propria discrezione, di sospendere ovvero disattivare l\u2019utenza qualora ritenga che ci sia o sia probabile che ci sia un problema di sicurezza o di utilizzo non autorizzato della stessa.<\/p><p style=\"margin-top: var(--global-md-spacing);\">I diritti d&#8217;autore relativi ai contenuti della didattica, alle immagini, ai testi o altro materiale utilizzato nelle sue pagine web appartengono in via esclusiva ad&nbsp;ACTL e RECRUIT SRL. Il Cliente riconosce la piena titolarit\u00e0 dei diritti di autore di&nbsp;ACTL e RECRUIT SRL&nbsp;e si impegna altres\u00ec a non cedere, far utilizzare e\/o visionare, copiare, in nessun modo, nemmeno parzialmente, direttamente o per interposta persona, i contenuti dei servizi e-learning di esclusiva propriet\u00e0 di&nbsp;ACTL e RECRUIT SRL.<\/p><p style=\"margin-top: var(--global-md-spacing);\"><\/p><p style=\"margin-top: var(--global-md-spacing);\"><strong>6 LIMITAZIONE DI RESPONSABILIT\u00c0<\/strong><\/p><p style=\"margin-top: var(--global-md-spacing);\">ACTL e RECRUIT SRL&nbsp;non&nbsp;sono&nbsp;in alcun modo responsabili per qualsivoglia difficolt\u00e0, vizio, anomalia, discontinuit\u00e0, impossibilit\u00e0 di accesso e\/o utilizzo del percorso e-learning derivanti e\/o comunque connessi alla dotazione hardware e\/o software del Cliente, alla connessione tramite il provider prescelto dal Cliente, a uno scorretto funzionamento della rete telefonica o internet; conseguentemente, il Cliente non avr\u00e0 diritto a chiedere ad&nbsp;ACTL e RECRUIT SRL&nbsp;alcun importo, a qualsiasi titolo, anche risarcitorio o indennitario.<\/p><p style=\"margin-top: var(--global-md-spacing);\"><\/p><p style=\"margin-top: var(--global-md-spacing);\"><strong>7 ISCRIZIONE DI PARTECIPANTI STRANIERI<\/strong><\/p><p style=\"margin-top: var(--global-md-spacing);\">Il corso \u00e8 in lingua italiana. E\u2019 responsabilit\u00e0 dell\u2019azienda verificare la comprensione e la conoscenza della lingua veicolare del partecipante al fine di garantire l\u2019efficacia formativa. Qualora l&#8217;azienda rilevi una carente capacit\u00e0 di comprensione della lingua italiana \u00e8 possibile concordare con&nbsp;ACTL e RECRUIT SRL&nbsp;corsi o servizi di interpretariato con modalit\u00e0 e costi da definire.<\/p><p style=\"margin-top: var(--global-md-spacing);\"><\/p><p style=\"margin-top: var(--global-md-spacing);\"><strong>8 ATTESTATO<\/strong><\/p><p style=\"margin-top: var(--global-md-spacing);\">E\u2019 previsto il rilascio di un attestato al superamento del test di valutazione (almeno&nbsp;80% di risposte corrette).&nbsp;Gli attestati verranno sono resi disponibili all\u2019interno della dashboard dello studente all\u2019interno del portale Jobfarm FAD.E\u2019 responsabilit\u00e0 dell\u2019utente lo scaricamento, la stampa e la conservazione degli attestati appena disponibili.&nbsp;&nbsp;Il corsista \u00e8 tenuto a dare copia dell\u2019attestato all&#8217;azienda.<\/p><div><br><\/div><p style=\"margin-top: var(--global-md-spacing);\"><\/p><\/div>\t\t\t\t\t\t<\/div>\n\t\t\t\t<\/div>\n\t\t\t\t\t<\/div>\n\t\t<\/div>\n\t\t\t\t\t<\/div>\n\t\t<\/section>\n\t\t\t\t<\/div>\n\t\t","protected":false},"excerpt":{"rendered":"<p>FORMAZIONE GENERALE E SPECIFICA SICUREZZA LAVORATORI &#8211; BASSO RISCHIO CONTENUTI DEL CORSO&nbsp; La formazione sulla sicurezza di tutti i lavoratori, in riferimento a quanto previsto dall\u2019art. 37, comma 1 lettera a) e b) e dal comma 3 dello stesso articolo del D. Lgs. N. 81\/08 viene definita dall\u2019Accordo Conferenza Permanente per i Rapporti tra lo&#8230;<\/p>\n","protected":false},"author":1,"featured_media":0,"parent":0,"menu_order":0,"comment_status":"closed","ping_status":"closed","template":"","meta":{"qubely_global_settings":"","qubely_interactions":"","_kad_post_transparent":"","_kad_post_title":"hide","_kad_post_layout":"fullwidth","_kad_post_sidebar_id":"","_kad_post_content_style":"unboxed","_kad_post_vertical_padding":"hide","_kad_post_feature":"hide","_kad_post_feature_position":"","_kad_post_header":false,"_kad_post_footer":false,"footnotes":""},"class_list":["post-2209","page","type-page","status-publish","hentry"],"_links":{"self":[{"href":"https:\/\/www.jobfarm.it\/fad\/wp-json\/wp\/v2\/pages\/2209","targetHints":{"allow":["GET"]}}],"collection":[{"href":"https:\/\/www.jobfarm.it\/fad\/wp-json\/wp\/v2\/pages"}],"about":[{"href":"https:\/\/www.jobfarm.it\/fad\/wp-json\/wp\/v2\/types\/page"}],"author":[{"embeddable":true,"href":"https:\/\/www.jobfarm.it\/fad\/wp-json\/wp\/v2\/users\/1"}],"replies":[{"embeddable":true,"href":"https:\/\/www.jobfarm.it\/fad\/wp-json\/wp\/v2\/comments?post=2209"}],"version-history":[{"count":0,"href":"https:\/\/www.jobfarm.it\/fad\/wp-json\/wp\/v2\/pages\/2209\/revisions"}],"wp:attachment":[{"href":"https:\/\/www.jobfarm.it\/fad\/wp-json\/wp\/v2\/media?parent=2209"}],"curies":[{"name":"wp","href":"https:\/\/api.w.org\/{rel}","templated":true}]}}